{"id":64,"date":"2015-08-06T20:40:23","date_gmt":"2015-08-06T20:40:23","guid":{"rendered":"http:\/\/faucon-folk.fr\/?page_id=64"},"modified":"2019-11-26T17:06:57","modified_gmt":"2019-11-26T17:06:57","slug":"extraits-musicaux-et-videos","status":"publish","type":"page","link":"https:\/\/faucon-folk.fr\/index.php\/extraits-musicaux-et-videos\/","title":{"rendered":"Extraits musicaux"},"content":{"rendered":"<h2 style=\"text-align: center;\">Jump at the sun &#8211; cercle circassien<\/h2>\n<!--[if lt IE 9]><script>document.createElement('audio');<\/script><![endif]-->\n<audio class=\"wp-audio-shortcode\" id=\"audio-64-1\" preload=\"none\" style=\"width: 100%;\" controls=\"controls\"><source type=\"audio\/mpeg\" src=\"http:\/\/faucon-folk.fr\/wp-content\/uploads\/2015\/08\/CERCLE-JUMP.mp3?_=1\" \/><a href=\"http:\/\/faucon-folk.fr\/wp-content\/uploads\/2015\/08\/CERCLE-JUMP.mp3\">http:\/\/faucon-folk.fr\/wp-content\/uploads\/2015\/08\/CERCLE-JUMP.mp3<\/a><\/audio>\n<h2 style=\"text-align: center;\">Esperanza &#8211; scottish<\/h2>\n<audio class=\"wp-audio-shortcode\" id=\"audio-64-2\" preload=\"none\" style=\"width: 100%;\" controls=\"controls\"><source type=\"audio\/mpeg\" src=\"http:\/\/faucon-folk.fr\/wp-content\/uploads\/2015\/08\/esperanza_extrait.mp3?_=2\" \/><a href=\"http:\/\/faucon-folk.fr\/wp-content\/uploads\/2015\/08\/esperanza_extrait.mp3\">http:\/\/faucon-folk.fr\/wp-content\/uploads\/2015\/08\/esperanza_extrait.mp3<\/a><\/audio>\n<h2 style=\"text-align: center;\">La dansaren plu &#8211; rigodon, danse dauphinoise<\/h2>\n<audio class=\"wp-audio-shortcode\" id=\"audio-64-3\" preload=\"none\" style=\"width: 100%;\" controls=\"controls\"><source type=\"audio\/mpeg\" src=\"http:\/\/faucon-folk.fr\/wp-content\/uploads\/2015\/08\/la-dansaren-plu_extrait.mp3?_=3\" \/><a href=\"http:\/\/faucon-folk.fr\/wp-content\/uploads\/2015\/08\/la-dansaren-plu_extrait.mp3\">http:\/\/faucon-folk.fr\/wp-content\/uploads\/2015\/08\/la-dansaren-plu_extrait.mp3<\/a><\/audio>\n<h2 style=\"text-align: center;\">Faraway &#8211; mazurka<\/h2>\n<audio class=\"wp-audio-shortcode\" id=\"audio-64-4\" preload=\"none\" style=\"width: 100%;\" controls=\"controls\"><source type=\"audio\/mpeg\" src=\"http:\/\/faucon-folk.fr\/wp-content\/uploads\/2015\/08\/faraway_extrait.mp3?_=4\" \/><a href=\"http:\/\/faucon-folk.fr\/wp-content\/uploads\/2015\/08\/faraway_extrait.mp3\">http:\/\/faucon-folk.fr\/wp-content\/uploads\/2015\/08\/faraway_extrait.mp3<\/a><\/audio>\n<h2 style=\"text-align: center;\">L&rsquo;Elan &#8211; cercle circassien<\/h2>\n<audio class=\"wp-audio-shortcode\" id=\"audio-64-5\" preload=\"none\" style=\"width: 100%;\" controls=\"controls\"><source type=\"audio\/mpeg\" src=\"http:\/\/faucon-folk.fr\/wp-content\/uploads\/2015\/08\/elan_extrait.mp3?_=5\" \/><a href=\"http:\/\/faucon-folk.fr\/wp-content\/uploads\/2015\/08\/elan_extrait.mp3\">http:\/\/faucon-folk.fr\/wp-content\/uploads\/2015\/08\/elan_extrait.mp3<\/a><\/audio>\n<h2 style=\"text-align: center;\">King of the Fairies &#8211; hornpipe<\/h2>\n<audio class=\"wp-audio-shortcode\" id=\"audio-64-6\" preload=\"none\" style=\"width: 100%;\" controls=\"controls\"><source type=\"audio\/mpeg\" src=\"http:\/\/faucon-folk.fr\/wp-content\/uploads\/2015\/08\/king-of-fairies_extrait.mp3?_=6\" \/><a href=\"http:\/\/faucon-folk.fr\/wp-content\/uploads\/2015\/08\/king-of-fairies_extrait.mp3\">http:\/\/faucon-folk.fr\/wp-content\/uploads\/2015\/08\/king-of-fairies_extrait.mp3<\/a><\/audio>\n<h2 style=\"text-align: center;\">Suite d&rsquo;hanter-dro<\/h2>\n<audio class=\"wp-audio-shortcode\" id=\"audio-64-7\" preload=\"none\" style=\"width: 100%;\" controls=\"controls\"><source type=\"audio\/mpeg\" src=\"http:\/\/faucon-folk.fr\/wp-content\/uploads\/2015\/08\/hanterdro_extrait.mp3?_=7\" \/><a href=\"http:\/\/faucon-folk.fr\/wp-content\/uploads\/2015\/08\/hanterdro_extrait.mp3\">http:\/\/faucon-folk.fr\/wp-content\/uploads\/2015\/08\/hanterdro_extrait.mp3<\/a><\/audio>\n<h2 style=\"text-align: center;\">Suite de bourr\u00e9e carr\u00e9e<\/h2>\n<audio class=\"wp-audio-shortcode\" id=\"audio-64-8\" preload=\"none\" style=\"width: 100%;\" controls=\"controls\"><source type=\"audio\/mpeg\" src=\"http:\/\/faucon-folk.fr\/wp-content\/uploads\/2015\/08\/bourree-carree_extrait.mp3?_=8\" \/><a href=\"http:\/\/faucon-folk.fr\/wp-content\/uploads\/2015\/08\/bourree-carree_extrait.mp3\">http:\/\/faucon-folk.fr\/wp-content\/uploads\/2015\/08\/bourree-carree_extrait.mp3<\/a><\/audio>\n<h2 style=\"text-align: center;\">Johnny peut pas danser &#8211; two step<\/h2>\n<audio class=\"wp-audio-shortcode\" id=\"audio-64-9\" preload=\"none\" style=\"width: 100%;\" controls=\"controls\"><source type=\"audio\/mpeg\" src=\"http:\/\/faucon-folk.fr\/wp-content\/uploads\/2015\/08\/Johnny-peut-pas-danser.mp3?_=9\" \/><a href=\"http:\/\/faucon-folk.fr\/wp-content\/uploads\/2015\/08\/Johnny-peut-pas-danser.mp3\">http:\/\/faucon-folk.fr\/wp-content\/uploads\/2015\/08\/Johnny-peut-pas-danser.mp3<\/a><\/audio>\n<h2 style=\"text-align: center;\">All\u00e9e du pressoir &#8211; cercle circassien<\/h2>\n<audio class=\"wp-audio-shortcode\" id=\"audio-64-10\" preload=\"none\" style=\"width: 100%;\" controls=\"controls\"><source type=\"audio\/mpeg\" src=\"http:\/\/faucon-folk.fr\/wp-content\/uploads\/2015\/08\/allee-pressoir_extrait.mp3?_=10\" \/><a href=\"http:\/\/faucon-folk.fr\/wp-content\/uploads\/2015\/08\/allee-pressoir_extrait.mp3\">http:\/\/faucon-folk.fr\/wp-content\/uploads\/2015\/08\/allee-pressoir_extrait.mp3<\/a><\/audio>\n<h2 style=\"text-align: center;\">Scottish du Regret<\/h2>\n<audio class=\"wp-audio-shortcode\" id=\"audio-64-11\" preload=\"none\" style=\"width: 100%;\" controls=\"controls\"><source type=\"audio\/mpeg\" src=\"http:\/\/faucon-folk.fr\/wp-content\/uploads\/2015\/08\/Scottish-du-regret_extrait-bal-2017.mp3?_=11\" \/><a href=\"http:\/\/faucon-folk.fr\/wp-content\/uploads\/2015\/08\/Scottish-du-regret_extrait-bal-2017.mp3\">http:\/\/faucon-folk.fr\/wp-content\/uploads\/2015\/08\/Scottish-du-regret_extrait-bal-2017.mp3<\/a><\/audio>\n","protected":false},"excerpt":{"rendered":"<p>Jump at the sun &#8211; cercle circassien Esperanza &#8211; scottish La dansaren plu &#8211; rigodon, danse dauphinoise Faraway &#8211; mazurka L&rsquo;Elan &#8211; cercle circassien King of the Fairies &#8211; hornpipe Suite d&rsquo;hanter-dro Suite de bourr\u00e9e carr\u00e9e Johnny peut pas danser &#8211; two step All\u00e9e du pressoir &#8211; cercle circassien Scottish du Regret<\/p>\n","protected":false},"author":1,"featured_media":0,"parent":0,"menu_order":0,"comment_status":"open","ping_status":"open","template":"","meta":[],"_links":{"self":[{"href":"https:\/\/faucon-folk.fr\/index.php\/wp-json\/wp\/v2\/pages\/64"}],"collection":[{"href":"https:\/\/faucon-folk.fr\/index.php\/wp-json\/wp\/v2\/pages"}],"about":[{"href":"https:\/\/faucon-folk.fr\/index.php\/wp-json\/wp\/v2\/types\/page"}],"author":[{"embeddable":true,"href":"https:\/\/faucon-folk.fr\/index.php\/wp-json\/wp\/v2\/users\/1"}],"replies":[{"embeddable":true,"href":"https:\/\/faucon-folk.fr\/index.php\/wp-json\/wp\/v2\/comments?post=64"}],"version-history":[{"count":13,"href":"https:\/\/faucon-folk.fr\/index.php\/wp-json\/wp\/v2\/pages\/64\/revisions"}],"predecessor-version":[{"id":722,"href":"https:\/\/faucon-folk.fr\/index.php\/wp-json\/wp\/v2\/pages\/64\/revisions\/722"}],"wp:attachment":[{"href":"https:\/\/faucon-folk.fr\/index.php\/wp-json\/wp\/v2\/media?parent=64"}],"curies":[{"name":"wp","href":"https:\/\/api.w.org\/{rel}","templated":true}]}}