{"id":2,"date":"2015-08-03T09:58:08","date_gmt":"2015-08-03T09:58:08","guid":{"rendered":"http:\/\/faucon-folk.fr\/?page_id=2"},"modified":"2022-08-02T17:27:05","modified_gmt":"2022-08-02T17:27:05","slug":"sample-page","status":"publish","type":"page","link":"https:\/\/faucon-folk.fr\/","title":{"rendered":"Accueil"},"content":{"rendered":"<div class=\"row\"><div class=\"col-xs-3\">\n<p><a href=\"http:\/\/faucon-folk.fr\/wp-content\/uploads\/2015\/08\/fauconfolk_accueil_2.jpg\"><img loading=\"lazy\" class=\"alignnone wp-image-278\" src=\"http:\/\/faucon-folk.fr\/wp-content\/uploads\/2015\/08\/fauconfolk_accueil_2.jpg\" alt=\"fauconfolk_accueil_2\" width=\"400\" height=\"283\" srcset=\"https:\/\/faucon-folk.fr\/wp-content\/uploads\/2015\/08\/fauconfolk_accueil_2.jpg 900w, https:\/\/faucon-folk.fr\/wp-content\/uploads\/2015\/08\/fauconfolk_accueil_2-300x212.jpg 300w, https:\/\/faucon-folk.fr\/wp-content\/uploads\/2015\/08\/fauconfolk_accueil_2-720x510.jpg 720w\" sizes=\"(max-width: 400px) 100vw, 400px\" \/><\/a><\/p>\n<p><a href=\"http:\/\/faucon-folk.fr\/wp-content\/uploads\/2015\/08\/image-faucon.jpg\"><img loading=\"lazy\" class=\"alignnone wp-image-41\" src=\"http:\/\/faucon-folk.fr\/wp-content\/uploads\/2015\/08\/image-faucon.jpg\" alt=\"image-faucon\" width=\"400\" height=\"265\" srcset=\"https:\/\/faucon-folk.fr\/wp-content\/uploads\/2015\/08\/image-faucon.jpg 1492w, https:\/\/faucon-folk.fr\/wp-content\/uploads\/2015\/08\/image-faucon-300x199.jpg 300w, https:\/\/faucon-folk.fr\/wp-content\/uploads\/2015\/08\/image-faucon-1024x679.jpg 1024w, https:\/\/faucon-folk.fr\/wp-content\/uploads\/2015\/08\/image-faucon-720x478.jpg 720w\" sizes=\"(max-width: 400px) 100vw, 400px\" \/><\/a><\/p>\n<p><\/p><\/div><div class=\"col-xs-9\">\n<h4 style=\"text-align: left;\"><a href=\"http:\/\/faucon-folk.fr\/index.php\/liens\/\"><img loading=\"lazy\" class=\"alignnone wp-image-760 size-full\" src=\"http:\/\/faucon-folk.fr\/wp-content\/uploads\/2015\/08\/fauconfolk_accueil_4.jpg\" alt=\"fauconfolk_accueil_4\" width=\"1000\" height=\"492\" srcset=\"https:\/\/faucon-folk.fr\/wp-content\/uploads\/2015\/08\/fauconfolk_accueil_4.jpg 1000w, https:\/\/faucon-folk.fr\/wp-content\/uploads\/2015\/08\/fauconfolk_accueil_4-300x148.jpg 300w, https:\/\/faucon-folk.fr\/wp-content\/uploads\/2015\/08\/fauconfolk_accueil_4-720x354.jpg 720w\" sizes=\"(max-width: 1000px) 100vw, 1000px\" \/><\/a><\/h4>\n<p><\/p><\/div><\/div>\n<div class=\"row\"><div class=\"col-xs-3\">\n<p><a href=\"http:\/\/faucon-folk.fr\/wp-content\/uploads\/2015\/08\/fauconfolk_accueil.jpg\"><img loading=\"lazy\" class=\"alignnone wp-image-4\" src=\"http:\/\/faucon-folk.fr\/wp-content\/uploads\/2015\/08\/fauconfolk_accueil.jpg\" alt=\"fauconfolk_accueil\" width=\"400\" height=\"301\" srcset=\"https:\/\/faucon-folk.fr\/wp-content\/uploads\/2015\/08\/fauconfolk_accueil.jpg 1000w, https:\/\/faucon-folk.fr\/wp-content\/uploads\/2015\/08\/fauconfolk_accueil-300x226.jpg 300w\" sizes=\"(max-width: 400px) 100vw, 400px\" \/><\/a><\/p>\n<p><\/p><\/div><div class=\"col-xs-2\">\n<p><a href=\"http:\/\/faucon-folk.fr\/wp-content\/uploads\/2015\/08\/fauconfolk_accueil_3.jpg\"><img loading=\"lazy\" class=\"alignnone wp-image-360\" src=\"http:\/\/faucon-folk.fr\/wp-content\/uploads\/2015\/08\/fauconfolk_accueil_3.jpg\" alt=\"fauconfolk_accueil_3\" width=\"300\" height=\"400\" srcset=\"https:\/\/faucon-folk.fr\/wp-content\/uploads\/2015\/08\/fauconfolk_accueil_3.jpg 450w, https:\/\/faucon-folk.fr\/wp-content\/uploads\/2015\/08\/fauconfolk_accueil_3-225x300.jpg 225w\" sizes=\"(max-width: 300px) 100vw, 300px\" \/><\/a><\/p>\n<p><\/p><\/div><div class=\"col-xs-7\">\n<h4 style=\"text-align: center;\">Animation de bals folks avec explication des danses.<\/h4>\n<h4 style=\"text-align: center;\">Musiques traditionnelles et contemporaines d&rsquo;origines diverses : de France (Dauphin\u00e9, Bretagne, Auvergne, Pays Basque, Provence,&#8230;) et d&rsquo;ailleurs (Irlande, Louisiane, Belgique, Qu\u00e9bec,&#8230;).<\/h4>\n<h4 style=\"text-align: center;\">Instruments divers et chant&#8230; Une originalit\u00e9 de Faucon&rsquo;Folk : des textes originaux chant\u00e9s par leur auteur sur des airs traditionnels des bals folks !<\/h4>\n<h4 style=\"text-align: center;\">Animations d&rsquo;\u00e9v\u00e9nements vari\u00e9s : f\u00eates d&rsquo;associations, mariages, anniversaires, f\u00eates de village, manifestations diverses, festivals&#8230;<\/h4>\n<p><\/p><\/div><\/div>\n<div class=\"row\"><div class=\"col-xs-9\">\n<h4 style=\"text-align: left;\"><a href=\"http:\/\/faucon-folk.fr\/wp-content\/uploads\/2015\/09\/fauconfolk27BIS.jpg\"><img loading=\"lazy\" class=\"alignleft wp-image-233 size-full\" src=\"http:\/\/faucon-folk.fr\/wp-content\/uploads\/2015\/09\/fauconfolk27BIS.jpg\" alt=\"fauconfolk27BIS\" width=\"893\" height=\"414\" srcset=\"https:\/\/faucon-folk.fr\/wp-content\/uploads\/2015\/09\/fauconfolk27BIS.jpg 893w, https:\/\/faucon-folk.fr\/wp-content\/uploads\/2015\/09\/fauconfolk27BIS-300x139.jpg 300w, https:\/\/faucon-folk.fr\/wp-content\/uploads\/2015\/09\/fauconfolk27BIS-720x334.jpg 720w\" sizes=\"(max-width: 893px) 100vw, 893px\" \/><\/a><\/h4>\n<p><\/p><\/div><div class=\"col-xs-3\">\n<h4 style=\"text-align: center;\"><span style=\"color: #ffffff;\">e <\/span><\/h4>\n<h4 style=\"text-align: center;\"><span style=\"color: #ffffff;\">\u00a0e<\/span><\/h4>\n<h4 style=\"text-align: center;\"><span style=\"color: #800000;\">Avec ces dr\u00f4les d&rsquo;oiseaux mi-gra(t)teurs, mi-chanteurs,<\/span><\/h4>\n<h4 style=\"text-align: center;\"><span style=\"color: #800000;\">Faut qu&rsquo;on rit, faut qu&rsquo;on danse,<\/span><\/h4>\n<h4 style=\"text-align: center;\"><span style=\"color: #800000;\">Faut qu&rsquo;on s&rsquo;envole sur le parquet,<\/span><\/h4>\n<h4 style=\"text-align: center;\"><span style=\"color: #800000;\">Faucon&rsquo;Folk !<\/span><\/h4>\n<p><\/p><\/div><\/div>\n","protected":false},"excerpt":{"rendered":"","protected":false},"author":1,"featured_media":0,"parent":0,"menu_order":0,"comment_status":"closed","ping_status":"closed","template":"","meta":[],"_links":{"self":[{"href":"https:\/\/faucon-folk.fr\/index.php\/wp-json\/wp\/v2\/pages\/2"}],"collection":[{"href":"https:\/\/faucon-folk.fr\/index.php\/wp-json\/wp\/v2\/pages"}],"about":[{"href":"https:\/\/faucon-folk.fr\/index.php\/wp-json\/wp\/v2\/types\/page"}],"author":[{"embeddable":true,"href":"https:\/\/faucon-folk.fr\/index.php\/wp-json\/wp\/v2\/users\/1"}],"replies":[{"embeddable":true,"href":"https:\/\/faucon-folk.fr\/index.php\/wp-json\/wp\/v2\/comments?post=2"}],"version-history":[{"count":56,"href":"https:\/\/faucon-folk.fr\/index.php\/wp-json\/wp\/v2\/pages\/2\/revisions"}],"predecessor-version":[{"id":959,"href":"https:\/\/faucon-folk.fr\/index.php\/wp-json\/wp\/v2\/pages\/2\/revisions\/959"}],"wp:attachment":[{"href":"https:\/\/faucon-folk.fr\/index.php\/wp-json\/wp\/v2\/media?parent=2"}],"curies":[{"name":"wp","href":"https:\/\/api.w.org\/{rel}","templated":true}]}}