{"id":108,"date":"2015-08-08T14:39:24","date_gmt":"2015-08-08T14:39:24","guid":{"rendered":"http:\/\/faucon-folk.fr\/?page_id=108"},"modified":"2022-08-02T17:33:15","modified_gmt":"2022-08-02T17:33:15","slug":"liens","status":"publish","type":"page","link":"https:\/\/faucon-folk.fr\/index.php\/liens\/","title":{"rendered":"Liens"},"content":{"rendered":"<ul>\n<li class=\"western\"><span style=\"color: #000000;\"><span style=\"font-family: Liberation Serif, serif;\"><span style=\"font-size: x-large;\"><b>Le tableau de la page d&rsquo;accueil est une \u0153uvre de Jean-Yves Quentric :<\/b><\/span><\/span><\/span><\/li>\n<\/ul>\n<p><span style=\"color: #000000;\"><span style=\"font-family: Liberation Serif, serif;\"><span style=\"font-size: x-large;\"><b><div class=\"row\"><div class=\"col-xs-3\"><a href=\"http:\/\/faucon-folk.fr\/wp-content\/uploads\/2015\/08\/fauconfolk_accueil_4.jpg\"><img loading=\"lazy\" class=\"alignnone wp-image-760 size-full\" src=\"http:\/\/faucon-folk.fr\/wp-content\/uploads\/2015\/08\/fauconfolk_accueil_4.jpg\" alt=\"fauconfolk_accueil_4\" width=\"1000\" height=\"492\" srcset=\"https:\/\/faucon-folk.fr\/wp-content\/uploads\/2015\/08\/fauconfolk_accueil_4.jpg 1000w, https:\/\/faucon-folk.fr\/wp-content\/uploads\/2015\/08\/fauconfolk_accueil_4-300x148.jpg 300w, https:\/\/faucon-folk.fr\/wp-content\/uploads\/2015\/08\/fauconfolk_accueil_4-720x354.jpg 720w\" sizes=\"(max-width: 1000px) 100vw, 1000px\" \/><\/a><\/div><div class=\"col-xs-9\">\n<ul>\n<li class=\"western\"><span style=\"color: #000000;\"><span style=\"font-family: Liberation Serif, serif;\"><span style=\"font-size: x-large;\"><b><a href=\"https:\/\/jyquentric.wixsite.com\/creation?fbclid=IwAR01MEbxaI6tLTZEKrz4BThjxldl26Ww3CCkackkH80MXlFz3D1GhMN3nKY\" target=\"_blank\" rel=\"noopener\">Blog de Jean-Yves<\/a><\/b><\/span><\/span><\/span><\/li>\n<li class=\"western\"><span style=\"color: #000000;\"><span style=\"font-family: Liberation Serif, serif;\"><span style=\"font-size: x-large;\"><b><a href=\"https:\/\/www.facebook.com\/L%C3%A9criture-selon-Jean-Yves-Quentric-1935784430082747\/\" target=\"_blank\" rel=\"noopener\">Sa page facebook<\/a><\/b><\/span><\/span><\/span><\/li>\n<\/ul>\n<p><span style=\"color: #000000;\"><span style=\"font-family: Liberation Serif, serif;\"><span style=\"font-size: x-large;\"><b><\/b><\/span><\/span><\/span><\/p><\/div><\/div><\/b><\/span><\/span><\/span><\/p>\n<ul>\n<li class=\"western\"><span style=\"color: #000000;\"><span style=\"font-family: Liberation Serif, serif;\"><span style=\"font-size: x-large;\"><b>Un journal local d\u00e9mat\u00e9rialis\u00e9 : <span style=\"color: #ff0000;\">Petit journal illustr\u00e9 gratuit du Royans &#8211; Vercors : <a href=\"http:\/\/el-condor.org\/\" target=\"_blank\" rel=\"noopener\">EL CONDOR<\/a><\/span><\/b><\/span><\/span><\/span><\/li>\n<li class=\"western\"><strong><span style=\"font-size: x-large; color: #000000;\">Si vous voulez en savoir plus sur le nyckelharpa : <span style=\"color: #800000;\"><a style=\"color: #800000;\" href=\"http:\/\/www.nyckelharpa.fr\/\" target=\"_blank\" rel=\"noopener\">http:\/\/www.nyckelharpa.fr\/<\/a><\/span><\/span><\/strong><\/li>\n<li class=\"western\"><strong><span style=\"font-size: x-large; color: #000000;\">Un site d&rsquo;amis musiciens du Gard : <span style=\"color: #333300;\">\u00ab\u00a0<a style=\"color: #333300;\" href=\"http:\/\/lesravis.com\/\" target=\"_blank\" rel=\"noopener\">les Ravis de la Carcarie\u00a0\u00bb<\/a><\/span><\/span><\/strong><\/li>\n<li class=\"western\"><strong><span style=\"font-size: x-large; color: #000000;\">Le portail de la vie au pays de Saint Marcellin : <span style=\"color: #003300;\"><a style=\"color: #003300;\" href=\"http:\/\/www.lelienlocal.com\/\" target=\"_blank\" rel=\"noopener\">Le Lien LocaL<\/a> : petites annonces, annuaires, agenda, bons plans&#8230;<\/span><\/span><\/strong><\/li>\n<\/ul>\n<p><big><big>\u00a0 <\/big><\/big><img loading=\"lazy\" class=\"wp-image-342 size-full aligncenter\" src=\"http:\/\/faucon-folk.fr\/wp-content\/uploads\/2015\/08\/LLLL-468x60.jpg\" alt=\"LLLL-468x60\" width=\"468\" height=\"60\" srcset=\"https:\/\/faucon-folk.fr\/wp-content\/uploads\/2015\/08\/LLLL-468x60.jpg 468w, https:\/\/faucon-folk.fr\/wp-content\/uploads\/2015\/08\/LLLL-468x60-300x38.jpg 300w\" sizes=\"(max-width: 468px) 100vw, 468px\" \/><\/p>\n","protected":false},"excerpt":{"rendered":"<p>Le tableau de la page d&rsquo;accueil est une \u0153uvre de Jean-Yves Quentric : Un journal local d\u00e9mat\u00e9rialis\u00e9 : Petit journal illustr\u00e9 gratuit du Royans &#8211; Vercors : EL CONDOR Si vous voulez en savoir plus sur le nyckelharpa : http:\/\/www.nyckelharpa.fr\/ Un site d&rsquo;amis musiciens du Gard : \u00ab\u00a0les Ravis de la Carcarie\u00a0\u00bb Le portail de la vie au pays de Saint Marcellin : Le Lien LocaL : petites annonces, annuaires,<\/p>\n<p><a class=\"continue-reading\" href=\"https:\/\/faucon-folk.fr\/index.php\/liens\/\">Continue reading&#8230;<\/a><\/p>\n","protected":false},"author":1,"featured_media":0,"parent":0,"menu_order":0,"comment_status":"open","ping_status":"open","template":"","meta":[],"_links":{"self":[{"href":"https:\/\/faucon-folk.fr\/index.php\/wp-json\/wp\/v2\/pages\/108"}],"collection":[{"href":"https:\/\/faucon-folk.fr\/index.php\/wp-json\/wp\/v2\/pages"}],"about":[{"href":"https:\/\/faucon-folk.fr\/index.php\/wp-json\/wp\/v2\/types\/page"}],"author":[{"embeddable":true,"href":"https:\/\/faucon-folk.fr\/index.php\/wp-json\/wp\/v2\/users\/1"}],"replies":[{"embeddable":true,"href":"https:\/\/faucon-folk.fr\/index.php\/wp-json\/wp\/v2\/comments?post=108"}],"version-history":[{"count":17,"href":"https:\/\/faucon-folk.fr\/index.php\/wp-json\/wp\/v2\/pages\/108\/revisions"}],"predecessor-version":[{"id":922,"href":"https:\/\/faucon-folk.fr\/index.php\/wp-json\/wp\/v2\/pages\/108\/revisions\/922"}],"wp:attachment":[{"href":"https:\/\/faucon-folk.fr\/index.php\/wp-json\/wp\/v2\/media?parent=108"}],"curies":[{"name":"wp","href":"https:\/\/api.w.org\/{rel}","templated":true}]}}